{"id":2,"date":"2024-04-15T19:13:28","date_gmt":"2024-04-15T19:13:28","guid":{"rendered":"https:\/\/lp.stelarhe.com\/?page_id=2"},"modified":"2024-04-18T15:36:30","modified_gmt":"2024-04-18T22:36:30","slug":"sample-page","status":"publish","type":"page","link":"https:\/\/lp.stelarhe.com\/","title":{"rendered":"Landing Stelarhe"},"content":{"rendered":"<p>[vc_section full_width=\u00bbstretch_row\u00bb css=\u00bb.vc_custom_1713214379947{background-image: url(https:\/\/lp.stelarhe.com\/wp-content\/uploads\/2024\/04\/Fondo_Landing_STELARHE.png?id=22) !important;background-position: center !important;background-repeat: no-repeat !important;background-size: cover !important;}\u00bb][vc_row el_id=\u00bbcontenedor\u00bb][vc_column width=\u00bb1\/3&#8243;][\/vc_column][vc_column width=\u00bb1\/3&#8243;][vc_raw_html]JTNDaW1nJTIwc3JjJTNEJTIyaHR0cHMlM0ElMkYlMkZscC5zdGVsYXJoZS5jb20lMkZ3cC1jb250ZW50JTJGdXBsb2FkcyUyRjIwMjQlMkYwNCUyRnN0ZWxhcmhlX2xvZ28tMDIuc3ZnJTIyJTNF[\/vc_raw_html][\/vc_column][vc_column width=\u00bb1\/3&#8243;][\/vc_column][\/vc_row][vc_row el_id=\u00bbcontenedor-forma\u00bb el_class=\u00bbmaximo\u00bb][vc_column width=\u00bb7\/12&#8243;][vc_custom_heading text=\u00bbResidencias en venta, en Mazatl\u00e1n\u00bb font_container=\u00bbtag:h5|text_align:left|color:%23ffffff\u00bb google_fonts=\u00bbfont_family:Raleway%3A100%2C200%2C300%2Cregular%2C500%2C600%2C700%2C800%2C900|font_style:700%20bold%20regular%3A700%3Anormal\u00bb][vc_column_text]<\/p>\n<h2 class=\"tagline\">DONDE LA ELEGANCIA<br \/>\nY MODERNIDAD<br \/>\nSE COMBINAN<\/h2>\n<p>[\/vc_column_text][vc_column_text]<\/p>\n<h5 class=\"texto-comun\"><span style=\"color: #ffffff;\">STELARHE, es el complejo residencial m\u00e1s innovador y exclusivo de Mazatl\u00e1n y el noroeste de M\u00e9xico.<\/span><\/h5>\n<h5 class=\"texto-comun\"><span style=\"color: #ffffff;\">Consta de dos torres de residencias de lujo, cada una con 30 niveles, entre las cuales hay tres zonas de amenidades que las vinculan. Ofrecemos m\u00e1s de 20 modelos diferentes con vista al mar, para que elijas el que mejor se adapte a tu estilo de vida.<\/span><\/h5>\n<p>[\/vc_column_text][vc_empty_space height=\u00bb100px\u00bb][\/vc_column][vc_column width=\u00bb5\/12&#8243;][vc_raw_html]JTNDZGl2JTIwaWQlM0QlMjJmb3JtLWxlYWQlMjIlM0UlMEElM0NzY3JpcHQlMjBjaGFyc2V0JTNEJTIydXRmLTglMjIlMjB0eXBlJTNEJTIydGV4dCUyRmphdmFzY3JpcHQlMjIlMjBzcmMlM0QlMjIlMkYlMkZqcy5oc2Zvcm1zLm5ldCUyRmZvcm1zJTJGZW1iZWQlMkZ2Mi5qcyUyMiUzRSUzQyUyRnNjcmlwdCUzRSUwQSUzQ3NjcmlwdCUzRSUwQSUyMCUyMGhic3B0LmZvcm1zLmNyZWF0ZSUyOCU3QiUwQSUyMCUyMCUyMCUyMHJlZ2lvbiUzQSUyMCUyMm5hMSUyMiUyQyUwQSUyMCUyMCUyMCUyMHBvcnRhbElkJTNBJTIwJTIyMjExNDAwODglMjIlMkMlMEElMjAlMjAlMjAlMjBmb3JtSWQlM0ElMjAlMjI3ZDI2OGMxOS1iOWZkLTQ3ZWMtYmU1NC01ZDU3MTQ2MTNlNWIlMjIlMEElMjAlMjAlN0QlMjklM0IlMEElM0MlMkZzY3JpcHQlM0UlMEElM0MlMkZkaXYlM0U=[\/vc_raw_html][\/vc_column][\/vc_row][vc_row el_id=\u00bbcontenedor\u00bb el_class=\u00bbmaximo\u00bb][vc_column width=\u00bb4\/12&#8243;][vc_raw_html]JTNDcCUyMHN0eWxlJTNEJTIyY29sb3IlM0ElMjB3aGl0ZSUzQiUyMHRleHQtYWxpZ24lM0ElMjBjZW50ZXIlM0IlMjBtYXJnaW4tYm90dG9tJTNBJTIwMHB4JTNCJTIyJTNFRW5jdWVudHJhbm9zJTIwZW4lM0ElM0MlMkZwJTNFJTBBJTNDYSUyMHRpdGxlJTNEJTIyRmFjZWJvb2slMjIlMjBocmVmJTNEJTIyaHR0cHMlM0ElMkYlMkZ3d3cuZmFjZWJvb2suY29tJTJGc3RlbGFyaGUubXp0JTIyJTNFJTNDaW1nJTIwY2xhc3MlM0QlMjJyZWRlcy1pbWclMjIlMjBzcmMlM0QlMjJodHRwcyUzQSUyRiUyRmxwLnN0ZWxhcmhlLmNvbSUyRndwLWNvbnRlbnQlMkZ1cGxvYWRzJTJGMjAyNCUyRjA0JTJGUmVkZXNfTWVzYS1kZS10cmFiYWpvLTEuc3ZnJTIyJTIwd2lkdGglM0QlMjIxMDAlMjUlMjIlM0UlM0MlMkZhJTNFJTBBJTNDYSUyMHRpdGxlJTNEJTIySW5zdGFncmFtJTIyJTIwaHJlZiUzRCUyMmh0dHBzJTNBJTJGJTJGd3d3Lmluc3RhZ3JhbS5jb20lMkZzdGVsYXJoZS5tenQlMkYlMjIlM0UlM0NpbWclMjBjbGFzcyUzRCUyMnJlZGVzLWltZyUyMiUyMHNyYyUzRCUyMmh0dHBzJTNBJTJGJTJGbHAuc3RlbGFyaGUuY29tJTJGd3AtY29udGVudCUyRnVwbG9hZHMlMkYyMDI0JTJGMDQlMkZSZWRlc19NZXNhLWRlLXRyYWJham8tMS1jb3BpYS5zdmclMjIlMjB3aWR0aCUzRCUyMjEwMCUyNSUyMiUzRSUzQyUyRmElM0UlMEElM0NhJTIwdGl0bGUlM0QlMjJMaWtlZEluJTIyJTIwaHJlZiUzRCUyMmh0dHBzJTNBJTJGJTJGd3d3LmxpbmtlZGluLmNvbSUyRmNvbXBhbnklMkZzdGVsYXJoZW16dCUyRiUyMiUzRSUzQ2ltZyUyMGNsYXNzJTNEJTIycmVkZXMtaW1nJTIyJTIwc3JjJTNEJTIyaHR0cHMlM0ElMkYlMkZscC5zdGVsYXJoZS5jb20lMkZ3cC1jb250ZW50JTJGdXBsb2FkcyUyRjIwMjQlMkYwNCUyRlJlZGVzX01lc2EtZGUtdHJhYmFqby0xLWNvcGlhLTIuc3ZnJTIyJTIwd2lkdGglM0QlMjIxMDAlMjUlMjIlM0UlM0MlMkZhJTNFJTBBJTNDYSUyMHRpdGxlJTNEJTIyWW91dHViZSUyMiUyMGhyZWYlM0QlMjJodHRwcyUzQSUyRiUyRnd3dy55b3V0dWJlLmNvbSUyRiU0MHN0ZWxhcmhlJTIyJTNFJTNDaW1nJTIwY2xhc3MlM0QlMjJyZWRlcy1pbWclMjIlMjBzcmMlM0QlMjJodHRwcyUzQSUyRiUyRmxwLnN0ZWxhcmhlLmNvbSUyRndwLWNvbnRlbnQlMkZ1cGxvYWRzJTJGMjAyNCUyRjA0JTJGUmVkZXNfTWVzYS1kZS10cmFiYWpvLTEtY29waWEtMy5zdmclMjIlMjB3aWR0aCUzRCUyMjEwMCUyNSUyMiUzRSUzQyUyRmElM0UlMEElM0NhJTIwdGl0bGUlM0QlMjJUaWt0b2slMjIlMjBocmVmJTNEJTIyaHR0cHMlM0ElMkYlMkZ3d3cudGlrdG9rLmNvbSUyRiU0MHN0ZWxhcmhlJTIyJTNFJTNDaW1nJTIwY2xhc3MlM0QlMjJyZWRlcy1pbWclMjIlMjBzcmMlM0QlMjJodHRwcyUzQSUyRiUyRmxwLnN0ZWxhcmhlLmNvbSUyRndwLWNvbnRlbnQlMkZ1cGxvYWRzJTJGMjAyNCUyRjA0JTJGUmVkZXNfTWVzYS1kZS10cmFiYWpvLTEtY29waWEtNC5zdmclMjIlMjB3aWR0aCUzRCUyMjEwMCUyNSUyMiUzRSUzQyUyRmElM0UlMEE=[\/vc_raw_html][\/vc_column][vc_column width=\u00bb4\/12&#8243;][vc_raw_html]JTIwJTIwJTIwJTIwJTNDcCUyMHN0eWxlJTNEJTIyY29sb3IlM0ElMjB3aGl0ZSUzQiUyMHRleHQtYWxpZ24lM0FjZW50ZXIlM0IlMjBtYXJnaW4tYm90dG9tJTNBJTIwMHB4JTNCJTIyJTNFQ29ub2NlJTIwbSVDMyVBMXMlM0ElM0MlMkZwJTNFJTIwJTBBJTNDYSUyMHRpdGxlJTNEJTIyU3RlbGFyaGUlMjIlMjBocmVmJTNEJTIyaHR0cHMlM0ElMkYlMkZ3d3cuc3RlbGFyaGUuY29tJTIyJTIwJTNFJTNDaW1nJTIwY2xhc3MlM0QlMjJwcm95ZWN0b3MtaW1nJTIyJTIwc3JjJTNEJTIyaHR0cHMlM0ElMkYlMkZ3dGNtYXphdGxhbi5jb20lMkZ3cC1jb250ZW50JTJGdXBsb2FkcyUyRjIwMjQlMkYwNCUyRkxvZ29zLTAxLnN2ZyUyMiUyMCUzRSUzQyUyRmElM0UlM0NhJTIwdGl0bGUlM0QlMjJNTEMlMjIlMjBocmVmJTNEJTIyaHR0cHMlM0ElMkYlMkZ3d3cubWxjLm14JTIyJTNFJTNDaW1nJTIwY2xhc3MlM0QlMjJwcm95ZWN0b3MtaW1nJTIyJTIwc3JjJTNEJTIyaHR0cHMlM0ElMkYlMkZ3dGNtYXphdGxhbi5jb20lMkZ3cC1jb250ZW50JTJGdXBsb2FkcyUyRjIwMjQlMkYwNCUyRkxvZ29zLTAyLnN2ZyUyMiUyMHdpZHRoJTNEJTIyMTAwJTI1JTIyJTNFJTNDJTJGYSUzRSUzQ2ElMjB0aXRsZSUzRCUyMlRvcnJlJTIwQnVrcyUyMiUyMGhyZWYlM0QlMjJodHRwcyUzQSUyRiUyRnd3dy5idWtzLmNvbS5teCUyMiUzRSUzQ2ltZyUyMGNsYXNzJTNEJTIycHJveWVjdG9zLWltZyUyMiUyMHNyYyUzRCUyMmh0dHBzJTNBJTJGJTJGd3RjbWF6YXRsYW4uY29tJTJGd3AtY29udGVudCUyRnVwbG9hZHMlMkYyMDI0JTJGMDQlMkZMb2dvcy0wNC5zdmclMjIlMjB3aWR0aCUzRCUyMjEwMCUyNSUyMiUzRSUzQyUyRmElM0UlM0NhJTIwdGl0bGUlM0QlMjJJc2xhJTIwVHJlcyUyMiUyMGhyZWYlM0QlMjJodHRwcyUzQSUyRiUyRnd3dy5pc2xhdHJlcy5teCUyMiUzRSUzQ2ltZyUyMGNsYXNzJTNEJTIycHJveWVjdG9zLWltZyUyMiUyMHNyYyUzRCUyMmh0dHBzJTNBJTJGJTJGd3RjbWF6YXRsYW4uY29tJTJGd3AtY29udGVudCUyRnVwbG9hZHMlMkYyMDI0JTJGMDQlMkZMb2dvcy0wMy5zdmclMjIlMjB3aWR0aCUzRCUyMjEwMCUyNSUyMiUzRSUzQyUyRmElM0UlMEE=[\/vc_raw_html][\/vc_column][vc_column width=\u00bb4\/12&#8243;][vc_raw_html]JTNDcCUyMHN0eWxlJTNEJTIyY29sb3IlM0ElMjB3aGl0ZSUzQiUyMHRleHQtYWxpZ24lM0FjZW50ZXIlM0IlMjBtYXJnaW4tYm90dG9tJTNBJTIwMHB4JTNCJTIyJTIwJTNFRGVzYXJyb2xsYWRvJTIwcG9yJTIwJTNDJTJGcCUzRSUzQ2ElMjB0aXRsZSUzRCUyMkdJQSUyMERlc2Fycm9sbG9zJTIyJTIwaHJlZiUzRCUyMmh0dHBzJTNBJTJGJTJGd3d3LmdpYWRlc2Fycm9sbG9zLm14JTJGJTIyJTNFJTNDaW1nJTIwY2xhc3MlM0QlMjJnaWEtaW1nJTIyJTIwc3JjJTNEJTIyaHR0cHMlM0ElMkYlMkZscC5zdGVsYXJoZS5jb20lMkZ3cC1jb250ZW50JTJGdXBsb2FkcyUyRjIwMjQlMkYwNCUyRkdJQUxPR08yMDIzLTAzLTEuc3ZnJTIyJTIwd2lkdGglM0QlMjIxMDAlMjUlMjIlM0UlM0MlMkZhJTNFJTBB[\/vc_raw_html][\/vc_column][\/vc_row][\/vc_section]<\/p>\n","protected":false},"excerpt":{"rendered":"<p>[vc_section full_width=\u00bbstretch_row\u00bb css=\u00bb.vc_custom_1713214379947{background-image: url(https:\/\/lp.stelarhe.com\/wp-content\/uploads\/2024\/04\/Fondo_Landing_STELARHE.png?id=22) !important;background-position: center !important;background-repeat: no-repeat !important;background-size: cover !important;}\u00bb][vc_row el_id=\u00bbcontenedor\u00bb][vc_column width=\u00bb1\/3&#8243;][\/vc_column][vc_column width=\u00bb1\/3&#8243;][vc_raw_html]JTNDaW1nJTIwc3JjJTNEJTIyaHR0cHMlM0ElMkYlMkZscC5zdGVsYXJoZS5jb20lMkZ3cC1jb250ZW50JTJGdXBsb2FkcyUyRjIwMjQlMkYwNCUyRnN0ZWxhcmhlX2xvZ28tMDIuc3ZnJTIyJTNF[\/vc_raw_html][\/vc_column][vc_column width=\u00bb1\/3&#8243;][\/vc_column][\/vc_row][vc_row el_id=\u00bbcontenedor-forma\u00bb el_class=\u00bbmaximo\u00bb][vc_column width=\u00bb7\/12&#8243;][vc_custom_heading text=\u00bbResidencias en [&hellip;]<\/p>\n","protected":false},"author":1,"featured_media":0,"parent":0,"menu_order":0,"comment_status":"closed","ping_status":"open","template":"","meta":{"inline_featured_image":false,"site-sidebar-layout":"no-sidebar","site-content-layout":"plain-container","ast-site-content-layout":"full-width-container","site-content-style":"unboxed","site-sidebar-style":"unboxed","ast-global-header-display":"","ast-banner-title-visibility":"disabled","ast-main-header-display":"disabled","ast-hfb-above-header-display":"","ast-hfb-below-header-display":"","ast-hfb-mobile-header-display":"disabled","site-post-title":"disabled","ast-breadcrumbs-content":"","ast-featured-img":"disabled","footer-sml-layout":"disabled","ast-disable-related-posts":"","theme-transparent-header-meta":"disabled","adv-header-id-meta":"","stick-header-meta":"","header-above-stick-meta":"","header-main-stick-meta":"","header-below-stick-meta":"","astra-migrate-meta-layouts":"set","ast-page-background-enabled":"default","ast-page-background-meta":{"desktop":{"background-color":"var(--ast-global-color-4)","background-image":"","background-repeat":"repeat","background-position":"center center","background-size":"auto","background-attachment":"scroll","background-type":"","background-media":"","overlay-type":"","overlay-color":"","overlay-opacity":"","overlay-gradient":""},"tablet":{"background-color":"","background-image":"","background-repeat":"repeat","background-position":"center center","background-size":"auto","background-attachment":"scroll","background-type":"","background-media":"","overlay-type":"","overlay-color":"","overlay-opacity":"","overlay-gradient":""},"mobile":{"background-color":"","background-image":"","background-repeat":"repeat","background-position":"center center","background-size":"auto","background-attachment":"scroll","background-type":"","background-media":"","overlay-type":"","overlay-color":"","overlay-opacity":"","overlay-gradient":""}},"ast-content-background-meta":{"desktop":{"background-color":"var(--ast-global-color-5)","background-image":"","background-repeat":"repeat","background-position":"center center","background-size":"auto","background-attachment":"scroll","background-type":"","background-media":"","overlay-type":"","overlay-color":"","overlay-opacity":"","overlay-gradient":""},"tablet":{"background-color":"var(--ast-global-color-5)","background-image":"","background-repeat":"repeat","background-position":"center center","background-size":"auto","background-attachment":"scroll","background-type":"","background-media":"","overlay-type":"","overlay-color":"","overlay-opacity":"","overlay-gradient":""},"mobile":{"background-color":"var(--ast-global-color-5)","background-image":"","background-repeat":"repeat","background-position":"center center","background-size":"auto","background-attachment":"scroll","background-type":"","background-media":"","overlay-type":"","overlay-color":"","overlay-opacity":"","overlay-gradient":""}},"footnotes":""},"class_list":["post-2","page","type-page","status-publish","hentry"],"jetpack_sharing_enabled":true,"_links":{"self":[{"href":"https:\/\/lp.stelarhe.com\/index.php\/wp-json\/wp\/v2\/pages\/2","targetHints":{"allow":["GET"]}}],"collection":[{"href":"https:\/\/lp.stelarhe.com\/index.php\/wp-json\/wp\/v2\/pages"}],"about":[{"href":"https:\/\/lp.stelarhe.com\/index.php\/wp-json\/wp\/v2\/types\/page"}],"author":[{"embeddable":true,"href":"https:\/\/lp.stelarhe.com\/index.php\/wp-json\/wp\/v2\/users\/1"}],"replies":[{"embeddable":true,"href":"https:\/\/lp.stelarhe.com\/index.php\/wp-json\/wp\/v2\/comments?post=2"}],"version-history":[{"count":72,"href":"https:\/\/lp.stelarhe.com\/index.php\/wp-json\/wp\/v2\/pages\/2\/revisions"}],"predecessor-version":[{"id":117,"href":"https:\/\/lp.stelarhe.com\/index.php\/wp-json\/wp\/v2\/pages\/2\/revisions\/117"}],"wp:attachment":[{"href":"https:\/\/lp.stelarhe.com\/index.php\/wp-json\/wp\/v2\/media?parent=2"}],"curies":[{"name":"wp","href":"https:\/\/api.w.org\/{rel}","templated":true}]}}